{"id":37,"date":"2015-02-03T14:30:17","date_gmt":"2015-02-03T13:30:17","guid":{"rendered":"http:\/\/www.juracon.nl\/?page_id=37"},"modified":"2025-12-23T09:06:57","modified_gmt":"2025-12-23T08:06:57","slug":"doelstelling","status":"publish","type":"page","link":"https:\/\/www.juracon.nl\/","title":{"rendered":"Uitgangspunt Juracon"},"content":{"rendered":"\n<h2 class=\"wp-block-heading\"><strong>Een alternatief bieden voor<\/strong>&nbsp;<strong>de onbetaalbare klassieke advocatuur<\/strong><\/h2>\n\n\n\n<p class=\"wp-block-paragraph\">Een <strong>Advocaat is ongelooflijk kostbaar?<\/strong><br> Zoals op de startpagina al gemeld is staat Juracon voor oplossingen. Juracon is van mening dat menig juridisch conflict\u00a0<strong><span style=\"text-decoration: underline;\">zonder<\/span><\/strong>\u00a0rechterlijke tussenkomst <strong>k\u00e1n<\/strong> worden opgelost. De kosten die voor deze methode betaald worden zijn slechts een fractie van wat een procedure bij de rechter kost.<\/p>\n\n\n\n<p class=\"wp-block-paragraph\"><strong>Snelle oplossingen<\/strong><br>mr. Cas de Valk [Oud Advocaat] heeft gemerkt dat de advocatuur in de afgelopen jaren ingrijpend is gewijzigd. <\/p>\n\n\n\n<p class=\"wp-block-paragraph\">Juracon.nl steunt ondernemers \u00e9n particulieren bij het oplossen en of voorkomen van juridische problemen. Wij geven niet alleen advies en begeleiding bij \u2018<em>dreigende<\/em>\u2019 juridische conflicten maar kunnen conflicten indien gewenst en noodzakelijk, aan de rechter voorleggen. Het gaat dan om zaken die door bijzondere omstandigheden toch door de rechter beslist moeten worden.<\/p>\n\n\n\n<figure class=\"wp-block-image aligncenter size-full is-resized wp-duotone-duotone-1\"><a href=\"https:\/\/i0.wp.com\/www.juracon.nl\/wp-content\/uploads\/2024\/11\/IMG_4192.jpg-1.webp?ssl=1\"><img data-recalc-dims=\"1\" fetchpriority=\"high\" decoding=\"async\" width=\"214\" height=\"300\" data-attachment-id=\"684\" data-permalink=\"https:\/\/www.juracon.nl\/?attachment_id=684\" data-orig-file=\"https:\/\/i0.wp.com\/www.juracon.nl\/wp-content\/uploads\/2024\/11\/IMG_4192.jpg-1.webp?fit=214%2C300&amp;ssl=1\" data-orig-size=\"214,300\" data-comments-opened=\"1\" data-image-meta=\"{&quot;aperture&quot;:&quot;0&quot;,&quot;credit&quot;:&quot;&quot;,&quot;camera&quot;:&quot;&quot;,&quot;caption&quot;:&quot;&quot;,&quot;created_timestamp&quot;:&quot;0&quot;,&quot;copyright&quot;:&quot;&quot;,&quot;focal_length&quot;:&quot;0&quot;,&quot;iso&quot;:&quot;0&quot;,&quot;shutter_speed&quot;:&quot;0&quot;,&quot;title&quot;:&quot;&quot;,&quot;orientation&quot;:&quot;0&quot;}\" data-image-title=\"IMG_4192.jpg\" data-image-description=\"\" data-image-caption=\"\" data-large-file=\"https:\/\/i0.wp.com\/www.juracon.nl\/wp-content\/uploads\/2024\/11\/IMG_4192.jpg-1.webp?fit=214%2C300&amp;ssl=1\" src=\"https:\/\/i0.wp.com\/www.juracon.nl\/wp-content\/uploads\/2024\/11\/IMG_4192.jpg-1.webp?resize=214%2C300&#038;ssl=1\" alt=\"\" class=\"wp-image-684\" style=\"width:470px;height:auto\"\/><\/a><\/figure>\n\n\n\n<p class=\"wp-block-paragraph\"><strong>Een voorbeeld uit de praktijk:<\/strong><\/p>\n\n\n\n<p class=\"wp-block-paragraph\"><br>Bij u zijn er producten besteld en reeds afgeleverd. De factuur wordt, ondanks diverse aanmaningen, door de debiteur niet betaald. Er is al meerdere malen gedreigd met (kostbare) incassoprocedures. Beide partijen hebben zich inmiddels ingegraven in hun standpunten. U zegt; &#8216;<em>ik wil mijn geld<\/em>&#8216;, en de debiteur zegt; &#8216;<em>ik ga dat niet betalen<\/em>&#8216;. Een klassieke patstelling.<\/p>\n\n\n\n<p class=\"wp-block-paragraph\"><\/p>\n\n\n\n<h4 class=\"wp-block-heading\">Wat gaat u doen?<\/h4>\n\n\n\n<ul class=\"wp-block-list\">\n<li> Dit is een veel voorkomende situatie en u bent al gauw geneigd om naar &#8220;uw&#8221;  advocaat te stappen of een incassoprocedure te starten.<\/li>\n<\/ul>\n\n\n\n<blockquote class=\"wp-block-quote is-layout-flow wp-block-quote-is-layout-flow\">\n<p class=\"wp-block-paragraph\"> Mag ik u een gewetensvraag stellen?<\/p>\n<\/blockquote>\n\n\n\n<h3 class=\"wp-block-heading\"> Weet u precies w\u00e1t de reden is waarom de afnemer niet betaalt<\/h3>\n\n\n\n<blockquote class=\"wp-block-quote is-layout-flow wp-block-quote-is-layout-flow\">\n<p class=\"wp-block-paragraph\">Te Vroeg voor een Advocaat, maar wel Juridische Raad<\/p>\n<\/blockquote>\n\n\n\n<p class=\"wp-block-paragraph\"><strong>Communicatie<\/strong><br>\nJuracon hoort dan vaak genoeg dat men in deze situaties niet \u2018precies\u2019 weet waarom de wederpartij weigert te betalen. Dit maakt volgens de cli\u00ebnt ook niet uit want de afnemer&nbsp;<span style=\"text-decoration: underline;\">moet<\/span>&nbsp;gewoon betalen. Contract is contract. Bij verdere navraag blijkt dat er bij deze specifieke levering vaak iets verkeerd is gegaan, maar dat dit voor de afnemer wel de reden is waarom hij niet op eerste aanmaning betaalt. Als hierover echter gecommuniceerd wordt, kunnen er afspraken gemaakt worden. Dit lijkt omslachtig, maar is uiteindelijk kosten besparend.<\/p>\n\n\n\n<p class=\"wp-block-paragraph\"><strong>Afspraken<\/strong><br>\nJuracon heeft veel ondernemers in de praktijk gehad die slechts mompelend en stotterend op deze vraag konden antwoorden. Vaak bleek dat het in de kwestie ging om bijvoorbeeld&nbsp;<em>onvolledige partijen<\/em>,&nbsp;<em>niet tijdige leveringen<\/em>,&nbsp;<em>verminderde kwaliteit<\/em>,&nbsp;<em>etc<\/em>. In ieder geval een reden waarover nadere afspraken gemaakt konden worden.<br>\nIn bijna elke zaak bleek het dat indien mijn cli\u00ebnt zich 3 \u00e1 4 maanden eerder bij mij zou hebben gemeld, er&nbsp;g\u00e9\u00e9n&nbsp;zaak bij de rechter gevoerd zou zijn. Kostenbesparingen&nbsp; van \u20ac&nbsp;3.500,- of meer per zaak vormen hierop geen uitzondering.<\/p>\n\n\n\n<p class=\"wp-block-paragraph\"><strong>Drempel<\/strong><br> De nu door advocaten gehanteerde uurtarieven zijn in de afgelopen jaren explosief en naar mijn smaak buitenproportioneel gestegen. Hoge uurtarieven van advocaten vormen daarom vaak een drempel om tijdig juridisch advies in te winnen. Uurtarieven van \u20ac\u00a0250,- en hoger zijn eerder regel dan uitzondering, en bovendien dient  21% BTW te worden berekend en zo mogelijk ook nog eens\u00a06 \u00e1 7% kantoorkosten. Kortom voor \u00e9\u00e9n uurtje is de klant (consument) dan ruim \u20ac 320,- kwijt&#8230; en dan&#8230;. begint het pas&#8230;.<\/p>\n\n\n\n<blockquote class=\"wp-block-quote is-layout-flow wp-block-quote-is-layout-flow\">\n<p class=\"wp-block-paragraph\">Juracon heeft de drempel voor &#8220;pragmatisch&#8221; advies verlaagd.<\/p>\n<\/blockquote>\n\n\n\n<p class=\"wp-block-paragraph\">Juracon heeft&nbsp;uurtarieven vanaf \u20ac 99,- excl. BTW en let eveneens&nbsp;op de draagkracht van de klant \u00e9n het uitgangspunt van het vraagstuk.<\/p>\n\n\n\n<p class=\"wp-block-paragraph\">Bel of mail voor meer informatie <strong>035 694 09 10<\/strong><\/p>\n\n\n\n<figure class=\"wp-block-image is-resized\"><a href=\"https:\/\/i0.wp.com\/www.juracon.nl\/wp-content\/uploads\/2015\/02\/IMG_2004.jpg\"><img data-recalc-dims=\"1\" decoding=\"async\" width=\"300\" height=\"225\" data-attachment-id=\"11\" data-permalink=\"https:\/\/www.juracon.nl\/?attachment_id=11\" data-orig-file=\"https:\/\/i0.wp.com\/www.juracon.nl\/wp-content\/uploads\/2015\/02\/IMG_2004.jpg?fit=3264%2C2448&amp;ssl=1\" data-orig-size=\"3264,2448\" data-comments-opened=\"1\" data-image-meta=\"{&quot;aperture&quot;:&quot;2.4&quot;,&quot;credit&quot;:&quot;&quot;,&quot;camera&quot;:&quot;iPhone 5&quot;,&quot;caption&quot;:&quot;&quot;,&quot;created_timestamp&quot;:&quot;1354968842&quot;,&quot;copyright&quot;:&quot;&quot;,&quot;focal_length&quot;:&quot;4.13&quot;,&quot;iso&quot;:&quot;50&quot;,&quot;shutter_speed&quot;:&quot;0.00022099447513812&quot;,&quot;title&quot;:&quot;&quot;,&quot;orientation&quot;:&quot;1&quot;}\" data-image-title=\"IMG_2004\" data-image-description=\"\" data-image-caption=\"\" data-large-file=\"https:\/\/i0.wp.com\/www.juracon.nl\/wp-content\/uploads\/2015\/02\/IMG_2004.jpg?fit=1024%2C768&amp;ssl=1\" src=\"https:\/\/i0.wp.com\/www.juracon.nl\/wp-content\/uploads\/2015\/02\/IMG_2004.jpg?resize=300%2C225\" alt=\"\" class=\"wp-image-11\" style=\"width:620px;height:auto\" srcset=\"https:\/\/i0.wp.com\/www.juracon.nl\/wp-content\/uploads\/2015\/02\/IMG_2004.jpg?resize=300%2C225&amp;ssl=1 300w, https:\/\/i0.wp.com\/www.juracon.nl\/wp-content\/uploads\/2015\/02\/IMG_2004.jpg?resize=1024%2C768&amp;ssl=1 1024w, https:\/\/i0.wp.com\/www.juracon.nl\/wp-content\/uploads\/2015\/02\/IMG_2004.jpg?w=2000 2000w, https:\/\/i0.wp.com\/www.juracon.nl\/wp-content\/uploads\/2015\/02\/IMG_2004.jpg?w=3000 3000w\" sizes=\"(max-width: 300px) 100vw, 300px\" \/><\/a><\/figure>\n\n\n\n<p class=\"wp-block-paragraph\"><\/p>\n","protected":false},"excerpt":{"rendered":"<p>Een alternatief bieden voor&nbsp;de onbetaalbare klassieke advocatuur Een Advocaat is ongelooflijk kostbaar? Zoals op de startpagina al gemeld is staat Juracon voor oplossingen. Juracon is van mening dat menig juridisch conflict\u00a0zonder\u00a0rechterlijke tussenkomst k\u00e1n worden opgelost. De kosten die voor deze methode betaald worden zijn slechts een fractie van wat een procedure bij de rechter kost. [&hellip;]<\/p>\n","protected":false},"author":1,"featured_media":61,"parent":0,"menu_order":0,"comment_status":"open","ping_status":"open","template":"","meta":{"_crdt_document":"","footnotes":""},"class_list":["post-37","page","type-page","status-publish","has-post-thumbnail","hentry"],"jetpack_sharing_enabled":true,"jetpack_shortlink":"https:\/\/wp.me\/P8WUgI-B","jetpack_likes_enabled":true,"jetpack-related-posts":[],"_links":{"self":[{"href":"https:\/\/www.juracon.nl\/index.php?rest_route=\/wp\/v2\/pages\/37","targetHints":{"allow":["GET"]}}],"collection":[{"href":"https:\/\/www.juracon.nl\/index.php?rest_route=\/wp\/v2\/pages"}],"about":[{"href":"https:\/\/www.juracon.nl\/index.php?rest_route=\/wp\/v2\/types\/page"}],"author":[{"embeddable":true,"href":"https:\/\/www.juracon.nl\/index.php?rest_route=\/wp\/v2\/users\/1"}],"replies":[{"embeddable":true,"href":"https:\/\/www.juracon.nl\/index.php?rest_route=%2Fwp%2Fv2%2Fcomments&post=37"}],"version-history":[{"count":19,"href":"https:\/\/www.juracon.nl\/index.php?rest_route=\/wp\/v2\/pages\/37\/revisions"}],"predecessor-version":[{"id":719,"href":"https:\/\/www.juracon.nl\/index.php?rest_route=\/wp\/v2\/pages\/37\/revisions\/719"}],"wp:featuredmedia":[{"embeddable":true,"href":"https:\/\/www.juracon.nl\/index.php?rest_route=\/wp\/v2\/media\/61"}],"wp:attachment":[{"href":"https:\/\/www.juracon.nl\/index.php?rest_route=%2Fwp%2Fv2%2Fmedia&parent=37"}],"curies":[{"name":"wp","href":"https:\/\/api.w.org\/{rel}","templated":true}]}}